{"id":574,"date":"2022-10-16T19:54:06","date_gmt":"2022-10-16T16:54:06","guid":{"rendered":"https:\/\/ksmuistiyhdistys.fi\/korttipakka\/?page_id=574"},"modified":"2022-12-14T14:47:53","modified_gmt":"2022-12-14T12:47:53","slug":"tietoa-hankkeesta","status":"publish","type":"page","link":"https:\/\/ksmuistiyhdistys.fi\/korttipakka\/tietoa-hankkeesta\/","title":{"rendered":"Tietoa korteista"},"content":{"rendered":"<p>[vc_row row_height_percent=&#8221;0&#8243; override_padding=&#8221;yes&#8221; h_padding=&#8221;2&#8243; top_padding=&#8221;4&#8243; bottom_padding=&#8221;4&#8243; overlay_alpha=&#8221;50&#8243; gutter_size=&#8221;3&#8243; column_width_percent=&#8221;100&#8243; shift_y=&#8221;0&#8243; z_index=&#8221;0&#8243; uncode_shortcode_id=&#8221;110680&#8243;][vc_column width=&#8221;1\/1&#8243;][vc_column_text uncode_shortcode_id=&#8221;164569&#8243;]<\/p>\n<h1>Tietoa korteista<\/h1>\n<p>Digitaalinen kognitiivisen ergonomian korttipakka on kehitetty Muisti Ty\u00f6ss\u00e4- Ty\u00f6 muistissa hankkeen (2017\u20132020) tuottaman korttipakan pohjalta. Digitaaliseen version kortteja on muokattu tukemaan erityisesti yritt\u00e4jien ja yritysten kognitiivista ergonomiaa sek\u00e4 aivoterveellist\u00e4 ty\u00f6kulttuuria. Pelillisten elementtien avulla oman hyvinvoinnin edist\u00e4misest\u00e4 on tehty kannustavaa ja palkitsevaa. Korttipakka on k\u00e4tev\u00e4 itsen\u00e4isen ty\u00f6skentelyn ty\u00f6kalu mutta toimii hyvin my\u00f6s ty\u00f6yhteis\u00f6n aivoyst\u00e4v\u00e4llisen ty\u00f6kulttuurin kehitt\u00e4misess\u00e4. Korttipakka toimii rinnakkain yritt\u00e4j\u00e4n aivovoimaa verkkovalmennuksen kanssa. Valmennuksen muu materiaali l\u00f6ytyy t\u00e4lt\u00e4 samalta sivustolta.<\/p>\n<h2>Kortit on jaettu nelj\u00e4\u00e4n eri teemaan:<\/h2>\n<ul>\n<li>Aivovoiman perusta<\/li>\n<li>Hyv\u00e4 ty\u00f6 aivoille<\/li>\n<li>Keskeytykset -hukkaan heitetty\u00e4 ty\u00f6aikaa<\/li>\n<li>Palautumisen merkitys ty\u00f6ss\u00e4<\/li>\n<\/ul>\n<p>Jokaiseen teemaan liittyen pakasta l\u00f6ytyy teht\u00e4v\u00e4kortteja ja keskustelukortteja.<br \/>\nKeskustelukorttien avulla pohditaan aivojen hyvinvointia, ty\u00f6n tekemisen tapoja,<br \/>\nty\u00f6ymp\u00e4rist\u00f6\u00e4 ja ty\u00f6kulttuuria. Teht\u00e4v\u00e4t kannustavat kokeilemaan erilaisia ratkaisuja, joilla<br \/>\nparannetaan kognitiivista ergonomiaa. Teht\u00e4vien avulla voi my\u00f6s irrottautua hetkeksi<br \/>\nty\u00f6st\u00e4.<\/p>\n<h3>Korttipakkaa voi hy\u00f6dynt\u00e4\u00e4 monella eri tavalla. Korteista voi ottaa k\u00e4ytt\u00f6\u00f6n:<\/h3>\n<ul>\n<li>vain yhden teeman kortit<\/li>\n<li>vain keskustelukortit tai vain teht\u00e4v\u00e4kortit<\/li>\n<li>kaikkien teemojen kortit yhten\u00e4 pakkana<\/li>\n<\/ul>\n<blockquote><p>Ty\u00f6st\u00e4 Aivovoimaa \u2013hanketta rahoitti Keski-Suomen ELY-keskus, Euroopan sosiaalirahaston<br \/>\nKest\u00e4v\u00e4\u00e4 kasvua ja ty\u00f6t\u00e4 2014\u20132020 ohjelmasta. Hanketta hallinnoi Keski-Suomen<br \/>\nMuistiyhdistys ry.<\/p><\/blockquote>\n<p>[\/vc_column_text][\/vc_column][\/vc_row]<\/p>\n","protected":false},"excerpt":{"rendered":"<p>[vc_row row_height_percent=&#8221;0&#8243; override_padding=&#8221;yes&#8221; h_padding=&#8221;2&#8243; top_padding=&#8221;4&#8243; bottom_padding=&#8221;4&#8243; overlay_alpha=&#8221;50&#8243; gutter_size=&#8221;3&#8243; column_width_percent=&#8221;100&#8243; shift_y=&#8221;0&#8243; z_index=&#8221;0&#8243; uncode_shortcode_id=&#8221;110680&#8243;][vc_column width=&#8221;1\/1&#8243;][vc_column_text uncode_shortcode_id=&#8221;164569&#8243;] Tietoa korteista Digitaalinen kognitiivisen ergonomian korttipakka [&hellip;]<\/p>\n","protected":false},"author":2,"featured_media":0,"parent":0,"menu_order":0,"comment_status":"closed","ping_status":"closed","template":"","meta":[],"yoast_head":"<!-- This site is optimized with the Yoast SEO plugin v19.11 - https:\/\/yoast.com\/wordpress\/plugins\/seo\/ -->\n<title>Tietoa korteista - Muistiterveys<\/title>\n<meta name=\"robots\" content=\"noindex, follow\" \/>\n<meta property=\"og:locale\" content=\"fi_FI\" \/>\n<meta property=\"og:type\" content=\"article\" \/>\n<meta property=\"og:title\" content=\"Tietoa korteista - Muistiterveys\" \/>\n<meta property=\"og:description\" content=\"[vc_row row_height_percent=&#8221;0&#8243; override_padding=&#8221;yes&#8221; h_padding=&#8221;2&#8243; top_padding=&#8221;4&#8243; bottom_padding=&#8221;4&#8243; overlay_alpha=&#8221;50&#8243; gutter_size=&#8221;3&#8243; column_width_percent=&#8221;100&#8243; shift_y=&#8221;0&#8243; z_index=&#8221;0&#8243; uncode_shortcode_id=&#8221;110680&#8243;][vc_column width=&#8221;1\/1&#8243;][vc_column_text uncode_shortcode_id=&#8221;164569&#8243;] Tietoa korteista Digitaalinen kognitiivisen ergonomian korttipakka [&hellip;]\" \/>\n<meta property=\"og:url\" content=\"https:\/\/ksmuistiyhdistys.fi\/korttipakka\/tietoa-hankkeesta\/\" \/>\n<meta property=\"og:site_name\" content=\"Muistiterveys\" \/>\n<meta property=\"article:modified_time\" content=\"2022-12-14T12:47:53+00:00\" \/>\n<meta name=\"twitter:card\" content=\"summary_large_image\" \/>\n<meta name=\"twitter:label1\" content=\"Arvioitu lukuaika\" \/>\n\t<meta name=\"twitter:data1\" content=\"1 minuutti\" \/>\n<script type=\"application\/ld+json\" class=\"yoast-schema-graph\">{\"@context\":\"https:\/\/schema.org\",\"@graph\":[{\"@type\":\"WebPage\",\"@id\":\"https:\/\/ksmuistiyhdistys.fi\/korttipakka\/tietoa-hankkeesta\/\",\"url\":\"https:\/\/ksmuistiyhdistys.fi\/korttipakka\/tietoa-hankkeesta\/\",\"name\":\"Tietoa korteista - Muistiterveys\",\"isPartOf\":{\"@id\":\"https:\/\/ksmuistiyhdistys.fi\/korttipakka\/#website\"},\"datePublished\":\"2022-10-16T16:54:06+00:00\",\"dateModified\":\"2022-12-14T12:47:53+00:00\",\"inLanguage\":\"fi\",\"potentialAction\":[{\"@type\":\"ReadAction\",\"target\":[\"https:\/\/ksmuistiyhdistys.fi\/korttipakka\/tietoa-hankkeesta\/\"]}]},{\"@type\":\"WebSite\",\"@id\":\"https:\/\/ksmuistiyhdistys.fi\/korttipakka\/#website\",\"url\":\"https:\/\/ksmuistiyhdistys.fi\/korttipakka\/\",\"name\":\"Kognitiivisen ergonomian korttipakka\",\"description\":\"Muisti ty\u00f6ss\u00e4 Ty\u00f6 muistissa\",\"publisher\":{\"@id\":\"https:\/\/ksmuistiyhdistys.fi\/korttipakka\/#organization\"},\"alternateName\":\"Ty\u00f6st\u00e4 aivovoimaa\",\"potentialAction\":[{\"@type\":\"SearchAction\",\"target\":{\"@type\":\"EntryPoint\",\"urlTemplate\":\"https:\/\/ksmuistiyhdistys.fi\/korttipakka\/?s={search_term_string}\"},\"query-input\":\"required name=search_term_string\"}],\"inLanguage\":\"fi\"},{\"@type\":\"Organization\",\"@id\":\"https:\/\/ksmuistiyhdistys.fi\/korttipakka\/#organization\",\"name\":\"Keski-Suomen Muistiyhdistys\",\"alternateName\":\"Ty\u00f6st\u00e4 aivovoimaa\",\"url\":\"https:\/\/ksmuistiyhdistys.fi\/korttipakka\/\",\"logo\":{\"@type\":\"ImageObject\",\"inLanguage\":\"fi\",\"@id\":\"https:\/\/ksmuistiyhdistys.fi\/korttipakka\/#\/schema\/logo\/image\/\",\"url\":\"https:\/\/ksmuistiyhdistys.fi\/korttipakka\/wp-content\/uploads\/2022\/10\/tyosta_aivovoimaa_logo.png\",\"contentUrl\":\"https:\/\/ksmuistiyhdistys.fi\/korttipakka\/wp-content\/uploads\/2022\/10\/tyosta_aivovoimaa_logo.png\",\"width\":512,\"height\":196,\"caption\":\"Keski-Suomen Muistiyhdistys\"},\"image\":{\"@id\":\"https:\/\/ksmuistiyhdistys.fi\/korttipakka\/#\/schema\/logo\/image\/\"}}]}<\/script>\n<!-- \/ Yoast SEO plugin. -->","yoast_head_json":{"title":"Tietoa korteista - Muistiterveys","robots":{"index":"noindex","follow":"follow"},"og_locale":"fi_FI","og_type":"article","og_title":"Tietoa korteista - Muistiterveys","og_description":"[vc_row row_height_percent=&#8221;0&#8243; override_padding=&#8221;yes&#8221; h_padding=&#8221;2&#8243; top_padding=&#8221;4&#8243; bottom_padding=&#8221;4&#8243; overlay_alpha=&#8221;50&#8243; gutter_size=&#8221;3&#8243; column_width_percent=&#8221;100&#8243; shift_y=&#8221;0&#8243; z_index=&#8221;0&#8243; uncode_shortcode_id=&#8221;110680&#8243;][vc_column width=&#8221;1\/1&#8243;][vc_column_text uncode_shortcode_id=&#8221;164569&#8243;] Tietoa korteista Digitaalinen kognitiivisen ergonomian korttipakka [&hellip;]","og_url":"https:\/\/ksmuistiyhdistys.fi\/korttipakka\/tietoa-hankkeesta\/","og_site_name":"Muistiterveys","article_modified_time":"2022-12-14T12:47:53+00:00","twitter_card":"summary_large_image","twitter_misc":{"Arvioitu lukuaika":"1 minuutti"},"schema":{"@context":"https:\/\/schema.org","@graph":[{"@type":"WebPage","@id":"https:\/\/ksmuistiyhdistys.fi\/korttipakka\/tietoa-hankkeesta\/","url":"https:\/\/ksmuistiyhdistys.fi\/korttipakka\/tietoa-hankkeesta\/","name":"Tietoa korteista - Muistiterveys","isPartOf":{"@id":"https:\/\/ksmuistiyhdistys.fi\/korttipakka\/#website"},"datePublished":"2022-10-16T16:54:06+00:00","dateModified":"2022-12-14T12:47:53+00:00","inLanguage":"fi","potentialAction":[{"@type":"ReadAction","target":["https:\/\/ksmuistiyhdistys.fi\/korttipakka\/tietoa-hankkeesta\/"]}]},{"@type":"WebSite","@id":"https:\/\/ksmuistiyhdistys.fi\/korttipakka\/#website","url":"https:\/\/ksmuistiyhdistys.fi\/korttipakka\/","name":"Kognitiivisen ergonomian korttipakka","description":"Muisti ty\u00f6ss\u00e4 Ty\u00f6 muistissa","publisher":{"@id":"https:\/\/ksmuistiyhdistys.fi\/korttipakka\/#organization"},"alternateName":"Ty\u00f6st\u00e4 aivovoimaa","potentialAction":[{"@type":"SearchAction","target":{"@type":"EntryPoint","urlTemplate":"https:\/\/ksmuistiyhdistys.fi\/korttipakka\/?s={search_term_string}"},"query-input":"required name=search_term_string"}],"inLanguage":"fi"},{"@type":"Organization","@id":"https:\/\/ksmuistiyhdistys.fi\/korttipakka\/#organization","name":"Keski-Suomen Muistiyhdistys","alternateName":"Ty\u00f6st\u00e4 aivovoimaa","url":"https:\/\/ksmuistiyhdistys.fi\/korttipakka\/","logo":{"@type":"ImageObject","inLanguage":"fi","@id":"https:\/\/ksmuistiyhdistys.fi\/korttipakka\/#\/schema\/logo\/image\/","url":"https:\/\/ksmuistiyhdistys.fi\/korttipakka\/wp-content\/uploads\/2022\/10\/tyosta_aivovoimaa_logo.png","contentUrl":"https:\/\/ksmuistiyhdistys.fi\/korttipakka\/wp-content\/uploads\/2022\/10\/tyosta_aivovoimaa_logo.png","width":512,"height":196,"caption":"Keski-Suomen Muistiyhdistys"},"image":{"@id":"https:\/\/ksmuistiyhdistys.fi\/korttipakka\/#\/schema\/logo\/image\/"}}]}},"_links":{"self":[{"href":"https:\/\/ksmuistiyhdistys.fi\/korttipakka\/wp-json\/wp\/v2\/pages\/574"}],"collection":[{"href":"https:\/\/ksmuistiyhdistys.fi\/korttipakka\/wp-json\/wp\/v2\/pages"}],"about":[{"href":"https:\/\/ksmuistiyhdistys.fi\/korttipakka\/wp-json\/wp\/v2\/types\/page"}],"author":[{"embeddable":true,"href":"https:\/\/ksmuistiyhdistys.fi\/korttipakka\/wp-json\/wp\/v2\/users\/2"}],"replies":[{"embeddable":true,"href":"https:\/\/ksmuistiyhdistys.fi\/korttipakka\/wp-json\/wp\/v2\/comments?post=574"}],"version-history":[{"count":7,"href":"https:\/\/ksmuistiyhdistys.fi\/korttipakka\/wp-json\/wp\/v2\/pages\/574\/revisions"}],"predecessor-version":[{"id":697,"href":"https:\/\/ksmuistiyhdistys.fi\/korttipakka\/wp-json\/wp\/v2\/pages\/574\/revisions\/697"}],"wp:attachment":[{"href":"https:\/\/ksmuistiyhdistys.fi\/korttipakka\/wp-json\/wp\/v2\/media?parent=574"}],"curies":[{"name":"wp","href":"https:\/\/api.w.org\/{rel}","templated":true}]}}