{"id":572,"date":"2022-10-16T19:53:44","date_gmt":"2022-10-16T16:53:44","guid":{"rendered":"https:\/\/ksmuistiyhdistys.fi\/korttipakka\/?page_id=572"},"modified":"2023-01-04T08:53:49","modified_gmt":"2023-01-04T06:53:49","slug":"ohjeet","status":"publish","type":"page","link":"https:\/\/ksmuistiyhdistys.fi\/korttipakka\/ohjeet\/","title":{"rendered":"Ohjeet"},"content":{"rendered":"<p>[vc_row row_height_percent=&#8221;0&#8243; override_padding=&#8221;yes&#8221; h_padding=&#8221;2&#8243; top_padding=&#8221;3&#8243; bottom_padding=&#8221;3&#8243; overlay_alpha=&#8221;50&#8243; gutter_size=&#8221;3&#8243; column_width_percent=&#8221;100&#8243; shift_y=&#8221;0&#8243; z_index=&#8221;0&#8243; uncode_shortcode_id=&#8221;301214&#8243;][vc_column width=&#8221;1\/2&#8243;][vc_column_text uncode_shortcode_id=&#8221;300816&#8243;]<\/p>\n<h1>Ohjeet<\/h1>\n<p>Korttipakka k\u00e4ytt\u00e4\u00e4 edistymisen tallentamiseen p\u00e4\u00e4telaitteen omaa muistia. Muistiyhdistys ei tallenna mit\u00e4\u00e4n yksil\u00f6iv\u00e4\u00e4 tietoa k\u00e4ytt\u00e4j\u00e4st\u00e4, vaan tieto korttien suorittamisesta pidet\u00e4\u00e4n k\u00e4ytt\u00e4j\u00e4n selaimella.<\/p>\n<p>Mik\u00e4li k\u00e4ytt\u00e4j\u00e4 on lis\u00e4nnyt profiilitietoihinsa oman s\u00e4hk\u00f6postin, j\u00e4rjestelm\u00e4 l\u00e4hett\u00e4\u00e4 tietoa edistymisest\u00e4 s\u00e4hk\u00f6postitse. Viestiin k\u00e4ytt\u00e4j\u00e4ll\u00e4 on mahdollisuus tallentaa muistiinpanoja teht\u00e4vist\u00e4 ja jokainen s\u00e4hk\u00f6posti sis\u00e4lt\u00e4\u00e4 my\u00f6s linkin jolla pelitilanteen voi siirt\u00e4\u00e4 p\u00e4\u00e4telaitteelta toiselle.[\/vc_column_text][\/vc_column][vc_column width=&#8221;1\/2&#8243;][vc_single_image media=&#8221;681&#8243; media_width_percent=&#8221;100&#8243; uncode_shortcode_id=&#8221;190383&#8243;][\/vc_column][\/vc_row][vc_row row_height_percent=&#8221;0&#8243; override_padding=&#8221;yes&#8221; h_padding=&#8221;2&#8243; top_padding=&#8221;3&#8243; bottom_padding=&#8221;3&#8243; back_color=&#8221;color-lxmt&#8221; overlay_alpha=&#8221;50&#8243; gutter_size=&#8221;3&#8243; column_width_percent=&#8221;100&#8243; shift_y=&#8221;0&#8243; z_index=&#8221;0&#8243; uncode_shortcode_id=&#8221;828028&#8243; back_color_type=&#8221;uncode-palette&#8221;][vc_column column_width_percent=&#8221;100&#8243; gutter_size=&#8221;3&#8243; back_color=&#8221;color-xsdn&#8221; overlay_alpha=&#8221;50&#8243; shift_x=&#8221;0&#8243; shift_y=&#8221;0&#8243; shift_y_down=&#8221;0&#8243; z_index=&#8221;0&#8243; medium_width=&#8221;0&#8243; mobile_width=&#8221;0&#8243; shadow=&#8221;sm&#8221; width=&#8221;1\/2&#8243; uncode_shortcode_id=&#8221;202133&#8243; back_color_type=&#8221;uncode-palette&#8221;][vc_single_image media=&#8221;666&#8243; caption=&#8221;yes&#8221; media_lightbox=&#8221;yes&#8221; media_width_percent=&#8221;100&#8243; lbox_title=&#8221;yes&#8221; lbox_caption=&#8221;yes&#8221; uncode_shortcode_id=&#8221;947955&#8243;][\/vc_column][vc_column column_width_percent=&#8221;100&#8243; position_vertical=&#8221;middle&#8221; gutter_size=&#8221;3&#8243; overlay_alpha=&#8221;50&#8243; shift_x=&#8221;0&#8243; shift_y=&#8221;0&#8243; shift_y_down=&#8221;0&#8243; z_index=&#8221;0&#8243; medium_width=&#8221;0&#8243; mobile_width=&#8221;0&#8243; width=&#8221;1\/2&#8243; uncode_shortcode_id=&#8221;164592&#8243;][vc_column_text uncode_shortcode_id=&#8221;140930&#8243;]<\/p>\n<h2>Pelaajaprofiili<\/h2>\n<p>K\u00e4yt\u00e4mme nimimerkki\u00e4 ja s\u00e4hk\u00f6postiosoitetta osana laitteellesi tallennettavaa dataa pelin edistymisest\u00e4. Emme k\u00e4yt\u00e4 tietojasi mihink\u00e4\u00e4n muuhun, tai tallenna sit\u00e4 omiin j\u00e4rjestelmiimme.<\/p>\n<p>Mik\u00e4li t\u00e4yt\u00e4t s\u00e4hk\u00f6postisi, peli l\u00e4hett\u00e4\u00e4 kuittauksen ja lis\u00e4tietoa automaattisesti pelatusta kortista s\u00e4hk\u00f6postiisi ja saat samalla suoran linkin omaan peliisi, jotta voit jatkaa pelaamista esimerkiksi toisella laitteella.<\/p>\n<p><strong>HUOM! Eth\u00e4n t\u00e4yt\u00e4 s\u00e4hk\u00f6postiosoitetta mik\u00e4li k\u00e4yt\u00e4t yleisess\u00e4 k\u00e4yt\u00f6ss\u00e4 olevaa tietokonetta.<\/strong>[\/vc_column_text][\/vc_column][\/vc_row][vc_row row_height_percent=&#8221;0&#8243; override_padding=&#8221;yes&#8221; h_padding=&#8221;2&#8243; top_padding=&#8221;3&#8243; bottom_padding=&#8221;3&#8243; back_color=&#8221;color-xsdn&#8221; overlay_alpha=&#8221;50&#8243; gutter_size=&#8221;3&#8243; column_width_percent=&#8221;100&#8243; shift_y=&#8221;0&#8243; z_index=&#8221;0&#8243; inverted_device_order=&#8221;yes&#8221; uncode_shortcode_id=&#8221;207146&#8243; back_color_type=&#8221;uncode-palette&#8221;][vc_column column_width_percent=&#8221;100&#8243; position_vertical=&#8221;middle&#8221; gutter_size=&#8221;3&#8243; overlay_alpha=&#8221;50&#8243; shift_x=&#8221;0&#8243; shift_y=&#8221;0&#8243; shift_y_down=&#8221;0&#8243; z_index=&#8221;0&#8243; medium_width=&#8221;0&#8243; mobile_width=&#8221;0&#8243; width=&#8221;1\/2&#8243; uncode_shortcode_id=&#8221;545815&#8243;][vc_column_text uncode_shortcode_id=&#8221;210122&#8243;]<\/p>\n<h2>Pelin edistyminen ja profiilin muokkaus<\/h2>\n<p>Peliss\u00e4 n\u00e4kyv\u00e4st\u00e4 suorituspalkista voit n\u00e4ytt\u00e4\u00e4 tarkemmat tiedot edistymisest\u00e4si, sek\u00e4 ohitettujen ja keskener\u00e4isien korttien m\u00e4\u00e4r\u00e4n suhteessa korttipakkaan.<\/p>\n<p>Tarkemmat tiedot korttipakan eri teemojen ja kategorioiden edistymisest\u00e4 saat etenemispalkin napista &#8221;N\u00e4yt\u00e4 eteneminen&#8221; ja sen takaa l\u00f6yd\u00e4t my\u00f6s profiilin tiedot joita k\u00e4ytet\u00e4\u00e4n tietojen tallentamiseen laitteellasi.<\/p>\n<p>Laajennetusta n\u00e4kym\u00e4st\u00e4 voit muokata omaa profiilitietoasi tai tyhjent\u00e4\u00e4 tallennetut tiedot omalta laitteeltasi.[\/vc_column_text][\/vc_column][vc_column column_width_percent=&#8221;100&#8243; gutter_size=&#8221;3&#8243; back_color=&#8221;color-xsdn&#8221; overlay_alpha=&#8221;50&#8243; shift_x=&#8221;0&#8243; shift_y=&#8221;0&#8243; shift_y_down=&#8221;0&#8243; z_index=&#8221;0&#8243; medium_width=&#8221;0&#8243; mobile_width=&#8221;0&#8243; shadow=&#8221;sm&#8221; width=&#8221;1\/2&#8243; uncode_shortcode_id=&#8221;202133&#8243; back_color_type=&#8221;uncode-palette&#8221;][vc_single_image media=&#8221;667&#8243; caption=&#8221;yes&#8221; media_lightbox=&#8221;yes&#8221; media_width_percent=&#8221;100&#8243; lbox_title=&#8221;yes&#8221; lbox_caption=&#8221;yes&#8221; uncode_shortcode_id=&#8221;774355&#8243;][\/vc_column][\/vc_row][vc_row row_height_percent=&#8221;0&#8243; override_padding=&#8221;yes&#8221; h_padding=&#8221;2&#8243; top_padding=&#8221;3&#8243; bottom_padding=&#8221;3&#8243; back_color=&#8221;color-lxmt&#8221; overlay_alpha=&#8221;50&#8243; gutter_size=&#8221;3&#8243; column_width_percent=&#8221;100&#8243; shift_y=&#8221;0&#8243; z_index=&#8221;0&#8243; uncode_shortcode_id=&#8221;828028&#8243; back_color_type=&#8221;uncode-palette&#8221;][vc_column column_width_percent=&#8221;100&#8243; gutter_size=&#8221;3&#8243; back_color=&#8221;color-xsdn&#8221; overlay_alpha=&#8221;50&#8243; shift_x=&#8221;0&#8243; shift_y=&#8221;0&#8243; shift_y_down=&#8221;0&#8243; z_index=&#8221;0&#8243; medium_width=&#8221;0&#8243; mobile_width=&#8221;0&#8243; shadow=&#8221;sm&#8221; width=&#8221;1\/2&#8243; uncode_shortcode_id=&#8221;202133&#8243; back_color_type=&#8221;uncode-palette&#8221;][vc_single_image media=&#8221;669&#8243; caption=&#8221;yes&#8221; media_lightbox=&#8221;yes&#8221; media_width_percent=&#8221;100&#8243; lbox_title=&#8221;yes&#8221; lbox_caption=&#8221;yes&#8221; uncode_shortcode_id=&#8221;389000&#8243;][\/vc_column][vc_column column_width_percent=&#8221;100&#8243; position_vertical=&#8221;middle&#8221; gutter_size=&#8221;3&#8243; overlay_alpha=&#8221;50&#8243; shift_x=&#8221;0&#8243; shift_y=&#8221;0&#8243; shift_y_down=&#8221;0&#8243; z_index=&#8221;0&#8243; medium_width=&#8221;0&#8243; mobile_width=&#8221;0&#8243; width=&#8221;1\/2&#8243; uncode_shortcode_id=&#8221;164592&#8243;][vc_column_text uncode_shortcode_id=&#8221;139528&#8243;]<\/p>\n<h2>Korttipakka<\/h2>\n<p>Korttipakkan\u00e4kym\u00e4n kautta voit siirty\u00e4 suorittamaan haluamaasi korttia. Pakka n\u00e4ytt\u00e4\u00e4 my\u00f6s korttien statuksen ja voit pelata jo suoritettuja kortteja uudelleen. Voit halutessasi my\u00f6s suodattaa n\u00e4kym\u00e4\u00e4 korttityypin tai teeman mukaan.<\/p>\n<p>Suoritetuilla korteilla on kruunuikoni suorituksen merkiksi, ohitetut kortit n\u00e4ytet\u00e4\u00e4n punaisella reunuksella.[\/vc_column_text][\/vc_column][\/vc_row][vc_row row_height_percent=&#8221;0&#8243; override_padding=&#8221;yes&#8221; h_padding=&#8221;2&#8243; top_padding=&#8221;3&#8243; bottom_padding=&#8221;3&#8243; back_color=&#8221;color-xsdn&#8221; overlay_alpha=&#8221;50&#8243; gutter_size=&#8221;3&#8243; column_width_percent=&#8221;100&#8243; shift_y=&#8221;0&#8243; z_index=&#8221;0&#8243; inverted_device_order=&#8221;yes&#8221; uncode_shortcode_id=&#8221;207146&#8243; back_color_type=&#8221;uncode-palette&#8221;][vc_column column_width_percent=&#8221;100&#8243; position_vertical=&#8221;middle&#8221; gutter_size=&#8221;3&#8243; overlay_alpha=&#8221;50&#8243; shift_x=&#8221;0&#8243; shift_y=&#8221;0&#8243; shift_y_down=&#8221;0&#8243; z_index=&#8221;0&#8243; medium_width=&#8221;0&#8243; mobile_width=&#8221;0&#8243; width=&#8221;1\/2&#8243; uncode_shortcode_id=&#8221;545815&#8243;][vc_column_text uncode_shortcode_id=&#8221;401701&#8243;]<\/p>\n<h2>Korttipakan suodattaminen teeman tai korttityypin mukaan<\/h2>\n<p>Korttipakasta l\u00f6ytyvi\u00e4 kortteja on mahdollista my\u00f6s suodattaa korttipakka -n\u00e4kym\u00e4ss\u00e4. Tekem\u00e4si valinnat tallentuvat laitteellesi ja peli tarjoaa seuraavan suoritettavan kortin automaattisesti pakasta.<\/p>\n<p>Pakka ei voi koskaan olla tyhj\u00e4, joten suodatusvalinnoissa tulee aina olla v\u00e4hint\u00e4\u00e4n yksi korttityyppi ja teema valittuna.[\/vc_column_text][\/vc_column][vc_column column_width_percent=&#8221;100&#8243; gutter_size=&#8221;3&#8243; back_color=&#8221;color-xsdn&#8221; overlay_alpha=&#8221;50&#8243; shift_x=&#8221;0&#8243; shift_y=&#8221;0&#8243; shift_y_down=&#8221;0&#8243; z_index=&#8221;0&#8243; medium_width=&#8221;0&#8243; mobile_width=&#8221;0&#8243; shadow=&#8221;sm&#8221; width=&#8221;1\/2&#8243; uncode_shortcode_id=&#8221;202133&#8243; back_color_type=&#8221;uncode-palette&#8221;][vc_single_image media=&#8221;670&#8243; caption=&#8221;yes&#8221; media_lightbox=&#8221;yes&#8221; media_width_percent=&#8221;100&#8243; lbox_title=&#8221;yes&#8221; lbox_caption=&#8221;yes&#8221; uncode_shortcode_id=&#8221;114402&#8243;][\/vc_column][\/vc_row][vc_row row_height_percent=&#8221;0&#8243; override_padding=&#8221;yes&#8221; h_padding=&#8221;2&#8243; top_padding=&#8221;3&#8243; bottom_padding=&#8221;3&#8243; back_color=&#8221;color-lxmt&#8221; overlay_alpha=&#8221;50&#8243; gutter_size=&#8221;3&#8243; column_width_percent=&#8221;100&#8243; shift_y=&#8221;0&#8243; z_index=&#8221;0&#8243; uncode_shortcode_id=&#8221;828028&#8243; back_color_type=&#8221;uncode-palette&#8221;][vc_column column_width_percent=&#8221;100&#8243; gutter_size=&#8221;3&#8243; back_color=&#8221;color-xsdn&#8221; overlay_alpha=&#8221;50&#8243; shift_x=&#8221;0&#8243; shift_y=&#8221;0&#8243; shift_y_down=&#8221;0&#8243; z_index=&#8221;0&#8243; medium_width=&#8221;0&#8243; mobile_width=&#8221;0&#8243; shadow=&#8221;sm&#8221; width=&#8221;1\/2&#8243; uncode_shortcode_id=&#8221;202133&#8243; back_color_type=&#8221;uncode-palette&#8221;][vc_single_image media=&#8221;668&#8243; caption=&#8221;yes&#8221; media_lightbox=&#8221;yes&#8221; media_width_percent=&#8221;100&#8243; lbox_title=&#8221;yes&#8221; lbox_caption=&#8221;yes&#8221; uncode_shortcode_id=&#8221;680515&#8243;][\/vc_column][vc_column column_width_percent=&#8221;100&#8243; position_vertical=&#8221;middle&#8221; gutter_size=&#8221;3&#8243; overlay_alpha=&#8221;50&#8243; shift_x=&#8221;0&#8243; shift_y=&#8221;0&#8243; shift_y_down=&#8221;0&#8243; z_index=&#8221;0&#8243; medium_width=&#8221;0&#8243; mobile_width=&#8221;0&#8243; width=&#8221;1\/2&#8243; uncode_shortcode_id=&#8221;164592&#8243;][vc_column_text uncode_shortcode_id=&#8221;207903&#8243;]<\/p>\n<h2>Kortin suorittaminen<\/h2>\n<p>Kortin suorittamisen j\u00e4lkeen voit merkit\u00e4 kortin luetuksi ja n\u00e4in ollen suoritetuksi, tai halutessasi hyl\u00e4t\u00e4 sen. Mik\u00e4li poistut kortilta kuittaamatta lopputulosta, tallennamme sen keskener\u00e4iseksi ja kortti esitet\u00e4\u00e4n seuraavalla kerralla automaattisesti.<\/p>\n<p>Kortin status muuttuu oletusarvoisesti keskener\u00e4iseksi my\u00f6s siirtyess\u00e4 takaisin korttipakkaan.<\/p>\n<p>Yksitt\u00e4inen kortti on my\u00f6s mahdollista jakaa sosiaalisessa mediassa.[\/vc_column_text][\/vc_column][\/vc_row]<\/p>\n","protected":false},"excerpt":{"rendered":"<p>[vc_row row_height_percent=&#8221;0&#8243; override_padding=&#8221;yes&#8221; h_padding=&#8221;2&#8243; top_padding=&#8221;3&#8243; bottom_padding=&#8221;3&#8243; overlay_alpha=&#8221;50&#8243; gutter_size=&#8221;3&#8243; column_width_percent=&#8221;100&#8243; shift_y=&#8221;0&#8243; z_index=&#8221;0&#8243; uncode_shortcode_id=&#8221;301214&#8243;][vc_column width=&#8221;1\/2&#8243;][vc_column_text uncode_shortcode_id=&#8221;300816&#8243;] Ohjeet Korttipakka k\u00e4ytt\u00e4\u00e4 edistymisen tallentamiseen p\u00e4\u00e4telaitteen [&hellip;]<\/p>\n","protected":false},"author":2,"featured_media":0,"parent":0,"menu_order":0,"comment_status":"closed","ping_status":"closed","template":"","meta":[],"yoast_head":"<!-- This site is optimized with the Yoast SEO plugin v19.11 - https:\/\/yoast.com\/wordpress\/plugins\/seo\/ -->\n<title>Ohjeet - Muistiterveys<\/title>\n<meta name=\"robots\" content=\"noindex, follow\" \/>\n<meta property=\"og:locale\" content=\"fi_FI\" \/>\n<meta property=\"og:type\" content=\"article\" \/>\n<meta property=\"og:title\" content=\"Ohjeet - Muistiterveys\" \/>\n<meta property=\"og:description\" content=\"[vc_row row_height_percent=&#8221;0&#8243; override_padding=&#8221;yes&#8221; h_padding=&#8221;2&#8243; top_padding=&#8221;3&#8243; bottom_padding=&#8221;3&#8243; overlay_alpha=&#8221;50&#8243; gutter_size=&#8221;3&#8243; column_width_percent=&#8221;100&#8243; shift_y=&#8221;0&#8243; z_index=&#8221;0&#8243; uncode_shortcode_id=&#8221;301214&#8243;][vc_column width=&#8221;1\/2&#8243;][vc_column_text uncode_shortcode_id=&#8221;300816&#8243;] Ohjeet Korttipakka k\u00e4ytt\u00e4\u00e4 edistymisen tallentamiseen p\u00e4\u00e4telaitteen [&hellip;]\" \/>\n<meta property=\"og:url\" content=\"https:\/\/ksmuistiyhdistys.fi\/korttipakka\/ohjeet\/\" \/>\n<meta property=\"og:site_name\" content=\"Muistiterveys\" \/>\n<meta property=\"article:modified_time\" content=\"2023-01-04T06:53:49+00:00\" \/>\n<meta name=\"twitter:card\" content=\"summary_large_image\" \/>\n<meta name=\"twitter:label1\" content=\"Arvioitu lukuaika\" \/>\n\t<meta name=\"twitter:data1\" content=\"6 minuuttia\" \/>\n<script type=\"application\/ld+json\" class=\"yoast-schema-graph\">{\"@context\":\"https:\/\/schema.org\",\"@graph\":[{\"@type\":\"WebPage\",\"@id\":\"https:\/\/ksmuistiyhdistys.fi\/korttipakka\/ohjeet\/\",\"url\":\"https:\/\/ksmuistiyhdistys.fi\/korttipakka\/ohjeet\/\",\"name\":\"Ohjeet - Muistiterveys\",\"isPartOf\":{\"@id\":\"https:\/\/ksmuistiyhdistys.fi\/korttipakka\/#website\"},\"datePublished\":\"2022-10-16T16:53:44+00:00\",\"dateModified\":\"2023-01-04T06:53:49+00:00\",\"inLanguage\":\"fi\",\"potentialAction\":[{\"@type\":\"ReadAction\",\"target\":[\"https:\/\/ksmuistiyhdistys.fi\/korttipakka\/ohjeet\/\"]}]},{\"@type\":\"WebSite\",\"@id\":\"https:\/\/ksmuistiyhdistys.fi\/korttipakka\/#website\",\"url\":\"https:\/\/ksmuistiyhdistys.fi\/korttipakka\/\",\"name\":\"Kognitiivisen ergonomian korttipakka\",\"description\":\"Muisti ty\u00f6ss\u00e4 Ty\u00f6 muistissa\",\"publisher\":{\"@id\":\"https:\/\/ksmuistiyhdistys.fi\/korttipakka\/#organization\"},\"alternateName\":\"Ty\u00f6st\u00e4 aivovoimaa\",\"potentialAction\":[{\"@type\":\"SearchAction\",\"target\":{\"@type\":\"EntryPoint\",\"urlTemplate\":\"https:\/\/ksmuistiyhdistys.fi\/korttipakka\/?s={search_term_string}\"},\"query-input\":\"required name=search_term_string\"}],\"inLanguage\":\"fi\"},{\"@type\":\"Organization\",\"@id\":\"https:\/\/ksmuistiyhdistys.fi\/korttipakka\/#organization\",\"name\":\"Keski-Suomen Muistiyhdistys\",\"alternateName\":\"Ty\u00f6st\u00e4 aivovoimaa\",\"url\":\"https:\/\/ksmuistiyhdistys.fi\/korttipakka\/\",\"logo\":{\"@type\":\"ImageObject\",\"inLanguage\":\"fi\",\"@id\":\"https:\/\/ksmuistiyhdistys.fi\/korttipakka\/#\/schema\/logo\/image\/\",\"url\":\"https:\/\/ksmuistiyhdistys.fi\/korttipakka\/wp-content\/uploads\/2022\/10\/tyosta_aivovoimaa_logo.png\",\"contentUrl\":\"https:\/\/ksmuistiyhdistys.fi\/korttipakka\/wp-content\/uploads\/2022\/10\/tyosta_aivovoimaa_logo.png\",\"width\":512,\"height\":196,\"caption\":\"Keski-Suomen Muistiyhdistys\"},\"image\":{\"@id\":\"https:\/\/ksmuistiyhdistys.fi\/korttipakka\/#\/schema\/logo\/image\/\"}}]}<\/script>\n<!-- \/ Yoast SEO plugin. -->","yoast_head_json":{"title":"Ohjeet - Muistiterveys","robots":{"index":"noindex","follow":"follow"},"og_locale":"fi_FI","og_type":"article","og_title":"Ohjeet - Muistiterveys","og_description":"[vc_row row_height_percent=&#8221;0&#8243; override_padding=&#8221;yes&#8221; h_padding=&#8221;2&#8243; top_padding=&#8221;3&#8243; bottom_padding=&#8221;3&#8243; overlay_alpha=&#8221;50&#8243; gutter_size=&#8221;3&#8243; column_width_percent=&#8221;100&#8243; shift_y=&#8221;0&#8243; z_index=&#8221;0&#8243; uncode_shortcode_id=&#8221;301214&#8243;][vc_column width=&#8221;1\/2&#8243;][vc_column_text uncode_shortcode_id=&#8221;300816&#8243;] Ohjeet Korttipakka k\u00e4ytt\u00e4\u00e4 edistymisen tallentamiseen p\u00e4\u00e4telaitteen [&hellip;]","og_url":"https:\/\/ksmuistiyhdistys.fi\/korttipakka\/ohjeet\/","og_site_name":"Muistiterveys","article_modified_time":"2023-01-04T06:53:49+00:00","twitter_card":"summary_large_image","twitter_misc":{"Arvioitu lukuaika":"6 minuuttia"},"schema":{"@context":"https:\/\/schema.org","@graph":[{"@type":"WebPage","@id":"https:\/\/ksmuistiyhdistys.fi\/korttipakka\/ohjeet\/","url":"https:\/\/ksmuistiyhdistys.fi\/korttipakka\/ohjeet\/","name":"Ohjeet - Muistiterveys","isPartOf":{"@id":"https:\/\/ksmuistiyhdistys.fi\/korttipakka\/#website"},"datePublished":"2022-10-16T16:53:44+00:00","dateModified":"2023-01-04T06:53:49+00:00","inLanguage":"fi","potentialAction":[{"@type":"ReadAction","target":["https:\/\/ksmuistiyhdistys.fi\/korttipakka\/ohjeet\/"]}]},{"@type":"WebSite","@id":"https:\/\/ksmuistiyhdistys.fi\/korttipakka\/#website","url":"https:\/\/ksmuistiyhdistys.fi\/korttipakka\/","name":"Kognitiivisen ergonomian korttipakka","description":"Muisti ty\u00f6ss\u00e4 Ty\u00f6 muistissa","publisher":{"@id":"https:\/\/ksmuistiyhdistys.fi\/korttipakka\/#organization"},"alternateName":"Ty\u00f6st\u00e4 aivovoimaa","potentialAction":[{"@type":"SearchAction","target":{"@type":"EntryPoint","urlTemplate":"https:\/\/ksmuistiyhdistys.fi\/korttipakka\/?s={search_term_string}"},"query-input":"required name=search_term_string"}],"inLanguage":"fi"},{"@type":"Organization","@id":"https:\/\/ksmuistiyhdistys.fi\/korttipakka\/#organization","name":"Keski-Suomen Muistiyhdistys","alternateName":"Ty\u00f6st\u00e4 aivovoimaa","url":"https:\/\/ksmuistiyhdistys.fi\/korttipakka\/","logo":{"@type":"ImageObject","inLanguage":"fi","@id":"https:\/\/ksmuistiyhdistys.fi\/korttipakka\/#\/schema\/logo\/image\/","url":"https:\/\/ksmuistiyhdistys.fi\/korttipakka\/wp-content\/uploads\/2022\/10\/tyosta_aivovoimaa_logo.png","contentUrl":"https:\/\/ksmuistiyhdistys.fi\/korttipakka\/wp-content\/uploads\/2022\/10\/tyosta_aivovoimaa_logo.png","width":512,"height":196,"caption":"Keski-Suomen Muistiyhdistys"},"image":{"@id":"https:\/\/ksmuistiyhdistys.fi\/korttipakka\/#\/schema\/logo\/image\/"}}]}},"_links":{"self":[{"href":"https:\/\/ksmuistiyhdistys.fi\/korttipakka\/wp-json\/wp\/v2\/pages\/572"}],"collection":[{"href":"https:\/\/ksmuistiyhdistys.fi\/korttipakka\/wp-json\/wp\/v2\/pages"}],"about":[{"href":"https:\/\/ksmuistiyhdistys.fi\/korttipakka\/wp-json\/wp\/v2\/types\/page"}],"author":[{"embeddable":true,"href":"https:\/\/ksmuistiyhdistys.fi\/korttipakka\/wp-json\/wp\/v2\/users\/2"}],"replies":[{"embeddable":true,"href":"https:\/\/ksmuistiyhdistys.fi\/korttipakka\/wp-json\/wp\/v2\/comments?post=572"}],"version-history":[{"count":18,"href":"https:\/\/ksmuistiyhdistys.fi\/korttipakka\/wp-json\/wp\/v2\/pages\/572\/revisions"}],"predecessor-version":[{"id":702,"href":"https:\/\/ksmuistiyhdistys.fi\/korttipakka\/wp-json\/wp\/v2\/pages\/572\/revisions\/702"}],"wp:attachment":[{"href":"https:\/\/ksmuistiyhdistys.fi\/korttipakka\/wp-json\/wp\/v2\/media?parent=572"}],"curies":[{"name":"wp","href":"https:\/\/api.w.org\/{rel}","templated":true}]}}