{"id":2,"date":"2021-04-12T08:57:01","date_gmt":"2021-04-12T08:57:01","guid":{"rendered":"https:\/\/ksmuistiyhdistys.fi\/korttipakka\/?page_id=2"},"modified":"2022-12-14T14:38:54","modified_gmt":"2022-12-14T12:38:54","slug":"sample-page","status":"publish","type":"page","link":"https:\/\/ksmuistiyhdistys.fi\/korttipakka\/","title":{"rendered":"Etusivu"},"content":{"rendered":"<p>[vc_row row_height_percent=&#8221;0&#8243; override_padding=&#8221;yes&#8221; h_padding=&#8221;2&#8243; top_padding=&#8221;4&#8243; bottom_padding=&#8221;4&#8243; back_color=&#8221;color-xsdn&#8221; overlay_alpha=&#8221;50&#8243; gutter_size=&#8221;4&#8243; column_width_percent=&#8221;100&#8243; shift_y=&#8221;0&#8243; z_index=&#8221;0&#8243; uncode_shortcode_id=&#8221;201404&#8243; back_color_type=&#8221;uncode-palette&#8221;][vc_column column_width_percent=&#8221;100&#8243; position_vertical=&#8221;middle&#8221; align_horizontal=&#8221;align_center&#8221; gutter_size=&#8221;3&#8243; overlay_alpha=&#8221;50&#8243; shift_x=&#8221;0&#8243; shift_y=&#8221;0&#8243; shift_y_down=&#8221;0&#8243; z_index=&#8221;0&#8243; medium_width=&#8221;0&#8243; mobile_width=&#8221;0&#8243; width=&#8221;1\/3&#8243; uncode_shortcode_id=&#8221;193337&#8243;][vc_gallery el_id=&#8221;gallery-149125&#8243; type=&#8221;justified&#8221; medias=&#8221;588,589&#8243; justify_row_height=&#8221;140&#8243; justify_max_row_height=&#8221;150&#8243; gutter_size=&#8221;2&#8243; media_items=&#8221;media|nolink|original,icon&#8221; single_overlay_opacity=&#8221;50&#8243; single_overlay_anim=&#8221;no&#8221; single_text_anim=&#8221;no&#8221; single_image_anim=&#8221;no&#8221; single_padding=&#8221;2&#8243; single_border=&#8221;yes&#8221; single_css_animation=&#8221;alpha-anim&#8221; uncode_shortcode_id=&#8221;175376&#8243;][\/vc_column][vc_column column_width_percent=&#8221;100&#8243; position_vertical=&#8221;middle&#8221; gutter_size=&#8221;3&#8243; overlay_alpha=&#8221;50&#8243; shift_x=&#8221;0&#8243; shift_y=&#8221;0&#8243; shift_y_down=&#8221;0&#8243; z_index=&#8221;0&#8243; medium_width=&#8221;0&#8243; mobile_width=&#8221;0&#8243; width=&#8221;2\/3&#8243; uncode_shortcode_id=&#8221;733016&#8243;][vc_custom_heading heading_semantic=&#8221;h1&#8243; text_size=&#8221;h1&#8243; text_transform=&#8221;uppercase&#8221; uncode_shortcode_id=&#8221;176437&#8243;]Tervetuloa pelaamaan![\/vc_custom_heading][vc_column_text uncode_shortcode_id=&#8221;566987&#8243;]T\u00e4m\u00e4 digitaalinen kognitiivisen ergonomian korttipakka on kehitetty Ty\u00f6st\u00e4 aivovoimaa \u2013hankkeessa. Kortit auttavat sinua pohtimaan aivojen hyvinvointia, ty\u00f6ntekemisen tapoja, ty\u00f6ymp\u00e4rist\u00f6\u00e4 ja ty\u00f6kulttuuria. Teht\u00e4v\u00e4t kannustavat kokeilemaan erilaisia ratkaisuja, joilla parannat kognitiivista ergonomiaasi ja lis\u00e4\u00e4t aivojesi hyvinvointia. Teht\u00e4vien avulla voit my\u00f6s irrottautua hetkeksi ty\u00f6st\u00e4. Kortteja voi k\u00e4ytt\u00e4\u00e4 yksin tai yhdess\u00e4 ty\u00f6yhteis\u00f6n kanssa.<\/p>\n<p>Korttipakka selkeytt\u00e4\u00e4 miten voit edist\u00e4\u00e4 kognitiivista ergonomiaa yrityksess\u00e4si ja nostaa esille aivojen hyvinvoinnin t\u00e4rkeytt\u00e4. Toivomme, ett\u00e4 kokeilet rohkeasti erilaisia tapoja tehd\u00e4 ty\u00f6st\u00e4 hyv\u00e4 aivoille.[\/vc_column_text][vc_button button_color=&#8221;color-506640&#8243; radius=&#8221;btn-circle&#8221; border_width=&#8221;0&#8243; button_color_type=&#8221;uncode-palette&#8221; uncode_shortcode_id=&#8221;707505&#8243; icon=&#8221;fa fa-info-circle&#8221; link=&#8221;url:https%3A%2F%2Fksmuistiyhdistys.fi%2Fkorttipakka%2Ftietoa-hankkeesta%2F|title:Korttipakka&#8221;]Tietoa korteista[\/vc_button][\/vc_column][\/vc_row][vc_row row_height_percent=&#8221;0&#8243; override_padding=&#8221;yes&#8221; h_padding=&#8221;3&#8243; top_padding=&#8221;0&#8243; bottom_padding=&#8221;4&#8243; back_color=&#8221;color-xsdn&#8221; overlay_alpha=&#8221;50&#8243; gutter_size=&#8221;3&#8243; column_width_percent=&#8221;100&#8243; shift_y=&#8221;0&#8243; z_index=&#8221;0&#8243; uncode_shortcode_id=&#8221;685158&#8243; back_color_type=&#8221;uncode-palette&#8221;][vc_column column_width_percent=&#8221;100&#8243; align_horizontal=&#8221;align_center&#8221; gutter_size=&#8221;3&#8243; overlay_alpha=&#8221;50&#8243; shift_x=&#8221;0&#8243; shift_y=&#8221;0&#8243; shift_y_down=&#8221;0&#8243; z_index=&#8221;0&#8243; medium_width=&#8221;0&#8243; mobile_width=&#8221;0&#8243; width=&#8221;1\/1&#8243; uncode_shortcode_id=&#8221;834148&#8243;][vc_separator sep_color=&#8221;&#8221; icon=&#8221;fa fa-media-play&#8221; uncode_shortcode_id=&#8221;659844&#8243;][vc_custom_heading text_transform=&#8221;uppercase&#8221; uncode_shortcode_id=&#8221;120918&#8243;]Ohjeet ja pelin aloittaminen[\/vc_custom_heading][vc_single_image media=&#8221;681&#8243; media_width_percent=&#8221;66&#8243; alignment=&#8221;center&#8221; uncode_shortcode_id=&#8221;127226&#8243;][vc_row_inner row_inner_height_percent=&#8221;0&#8243; overlay_alpha=&#8221;50&#8243; equal_height=&#8221;yes&#8221; gutter_size=&#8221;3&#8243; shift_y=&#8221;0&#8243; z_index=&#8221;0&#8243; uncode_shortcode_id=&#8221;668868&#8243;][vc_column_inner width=&#8221;1\/3&#8243;][vc_button button_color=&#8221;color-506640&#8243; radius=&#8221;btn-circle&#8221; wide=&#8221;yes&#8221; border_width=&#8221;0&#8243; button_color_type=&#8221;uncode-palette&#8221; uncode_shortcode_id=&#8221;199922&#8243; icon=&#8221;fa fa-forward&#8221; link=&#8221;url:https%3A%2F%2Fksmuistiyhdistys.fi%2Fkorttipakka%2Fpelaa-kortti%2F&#8221;]Pelaa kortti[\/vc_button][\/vc_column_inner][vc_column_inner width=&#8221;1\/3&#8243;][vc_button button_color=&#8221;color-176154&#8243; radius=&#8221;btn-circle&#8221; wide=&#8221;yes&#8221; border_width=&#8221;0&#8243; button_color_type=&#8221;uncode-palette&#8221; uncode_shortcode_id=&#8221;359215&#8243; icon=&#8221;fa fa-th-large&#8221; link=&#8221;url:https%3A%2F%2Fksmuistiyhdistys.fi%2Fkorttipakka%2Fkorttipakka%2F|title:Korttipakka&#8221;]N\u00e4yt\u00e4 korttipakka[\/vc_button][\/vc_column_inner][vc_column_inner width=&#8221;1\/3&#8243;][vc_button button_color=&#8221;color-151491&#8243; radius=&#8221;btn-circle&#8221; wide=&#8221;yes&#8221; border_width=&#8221;0&#8243; button_color_type=&#8221;uncode-palette&#8221; uncode_shortcode_id=&#8221;115337&#8243; icon=&#8221;fa fa-question-circle&#8221; link=&#8221;url:https%3A%2F%2Fksmuistiyhdistys.fi%2Fkorttipakka%2Fohjeet%2F|title:Ohjeet&#8221;]K\u00e4ytt\u00f6ohjeet[\/vc_button][\/vc_column_inner][\/vc_row_inner][\/vc_column][\/vc_row]<\/p>\n","protected":false},"excerpt":{"rendered":"<p>T\u00e4m\u00e4 digitaalinen kognitiivisen ergonomian korttipakka on kehitetty Ty\u00f6st\u00e4 aivovoimaa \u2013hankkeessa. Kortit auttavat sinua pohtimaan aivojen hyvinvointia, ty\u00f6ntekemisen tapoja, ty\u00f6ymp\u00e4rist\u00f6\u00e4 ja ty\u00f6kulttuuria.<\/p>\n","protected":false},"author":1,"featured_media":310,"parent":0,"menu_order":0,"comment_status":"closed","ping_status":"open","template":"","meta":[],"yoast_head":"<!-- This site is optimized with the Yoast SEO plugin v19.11 - https:\/\/yoast.com\/wordpress\/plugins\/seo\/ -->\n<title>Etusivu - Muistiterveys<\/title>\n<meta name=\"robots\" content=\"noindex, follow\" \/>\n<meta property=\"og:locale\" content=\"fi_FI\" \/>\n<meta property=\"og:type\" content=\"article\" \/>\n<meta property=\"og:title\" content=\"Etusivu - Muistiterveys\" \/>\n<meta property=\"og:description\" content=\"T\u00e4m\u00e4 digitaalinen kognitiivisen ergonomian korttipakka on kehitetty Ty\u00f6st\u00e4 aivovoimaa \u2013hankkeessa. Kortit auttavat sinua pohtimaan aivojen hyvinvointia, ty\u00f6ntekemisen tapoja, ty\u00f6ymp\u00e4rist\u00f6\u00e4 ja ty\u00f6kulttuuria.\" \/>\n<meta property=\"og:url\" content=\"https:\/\/ksmuistiyhdistys.fi\/korttipakka\/\" \/>\n<meta property=\"og:site_name\" content=\"Muistiterveys\" \/>\n<meta property=\"article:modified_time\" content=\"2022-12-14T12:38:54+00:00\" \/>\n<meta name=\"twitter:card\" content=\"summary_large_image\" \/>\n<meta name=\"twitter:image\" content=\"https:\/\/ksmuistiyhdistys.fi\/korttipakka\/wp-content\/uploads\/2022\/08\/logo.svg\" \/>\n<meta name=\"twitter:label1\" content=\"Arvioitu lukuaika\" \/>\n\t<meta name=\"twitter:data1\" content=\"3 minuuttia\" \/>\n<script type=\"application\/ld+json\" class=\"yoast-schema-graph\">{\"@context\":\"https:\/\/schema.org\",\"@graph\":[{\"@type\":\"WebPage\",\"@id\":\"https:\/\/ksmuistiyhdistys.fi\/korttipakka\/\",\"url\":\"https:\/\/ksmuistiyhdistys.fi\/korttipakka\/\",\"name\":\"Etusivu - Muistiterveys\",\"isPartOf\":{\"@id\":\"https:\/\/ksmuistiyhdistys.fi\/korttipakka\/#website\"},\"datePublished\":\"2021-04-12T08:57:01+00:00\",\"dateModified\":\"2022-12-14T12:38:54+00:00\",\"inLanguage\":\"fi\",\"potentialAction\":[{\"@type\":\"ReadAction\",\"target\":[\"https:\/\/ksmuistiyhdistys.fi\/korttipakka\/\"]}]},{\"@type\":\"WebSite\",\"@id\":\"https:\/\/ksmuistiyhdistys.fi\/korttipakka\/#website\",\"url\":\"https:\/\/ksmuistiyhdistys.fi\/korttipakka\/\",\"name\":\"Kognitiivisen ergonomian korttipakka\",\"description\":\"Muisti ty\u00f6ss\u00e4 Ty\u00f6 muistissa\",\"publisher\":{\"@id\":\"https:\/\/ksmuistiyhdistys.fi\/korttipakka\/#organization\"},\"alternateName\":\"Ty\u00f6st\u00e4 aivovoimaa\",\"potentialAction\":[{\"@type\":\"SearchAction\",\"target\":{\"@type\":\"EntryPoint\",\"urlTemplate\":\"https:\/\/ksmuistiyhdistys.fi\/korttipakka\/?s={search_term_string}\"},\"query-input\":\"required name=search_term_string\"}],\"inLanguage\":\"fi\"},{\"@type\":\"Organization\",\"@id\":\"https:\/\/ksmuistiyhdistys.fi\/korttipakka\/#organization\",\"name\":\"Keski-Suomen Muistiyhdistys\",\"alternateName\":\"Ty\u00f6st\u00e4 aivovoimaa\",\"url\":\"https:\/\/ksmuistiyhdistys.fi\/korttipakka\/\",\"logo\":{\"@type\":\"ImageObject\",\"inLanguage\":\"fi\",\"@id\":\"https:\/\/ksmuistiyhdistys.fi\/korttipakka\/#\/schema\/logo\/image\/\",\"url\":\"https:\/\/ksmuistiyhdistys.fi\/korttipakka\/wp-content\/uploads\/2022\/10\/tyosta_aivovoimaa_logo.png\",\"contentUrl\":\"https:\/\/ksmuistiyhdistys.fi\/korttipakka\/wp-content\/uploads\/2022\/10\/tyosta_aivovoimaa_logo.png\",\"width\":512,\"height\":196,\"caption\":\"Keski-Suomen Muistiyhdistys\"},\"image\":{\"@id\":\"https:\/\/ksmuistiyhdistys.fi\/korttipakka\/#\/schema\/logo\/image\/\"}}]}<\/script>\n<!-- \/ Yoast SEO plugin. -->","yoast_head_json":{"title":"Etusivu - Muistiterveys","robots":{"index":"noindex","follow":"follow"},"og_locale":"fi_FI","og_type":"article","og_title":"Etusivu - Muistiterveys","og_description":"T\u00e4m\u00e4 digitaalinen kognitiivisen ergonomian korttipakka on kehitetty Ty\u00f6st\u00e4 aivovoimaa \u2013hankkeessa. Kortit auttavat sinua pohtimaan aivojen hyvinvointia, ty\u00f6ntekemisen tapoja, ty\u00f6ymp\u00e4rist\u00f6\u00e4 ja ty\u00f6kulttuuria.","og_url":"https:\/\/ksmuistiyhdistys.fi\/korttipakka\/","og_site_name":"Muistiterveys","article_modified_time":"2022-12-14T12:38:54+00:00","twitter_card":"summary_large_image","twitter_image":"https:\/\/ksmuistiyhdistys.fi\/korttipakka\/wp-content\/uploads\/2022\/08\/logo.svg","twitter_misc":{"Arvioitu lukuaika":"3 minuuttia"},"schema":{"@context":"https:\/\/schema.org","@graph":[{"@type":"WebPage","@id":"https:\/\/ksmuistiyhdistys.fi\/korttipakka\/","url":"https:\/\/ksmuistiyhdistys.fi\/korttipakka\/","name":"Etusivu - Muistiterveys","isPartOf":{"@id":"https:\/\/ksmuistiyhdistys.fi\/korttipakka\/#website"},"datePublished":"2021-04-12T08:57:01+00:00","dateModified":"2022-12-14T12:38:54+00:00","inLanguage":"fi","potentialAction":[{"@type":"ReadAction","target":["https:\/\/ksmuistiyhdistys.fi\/korttipakka\/"]}]},{"@type":"WebSite","@id":"https:\/\/ksmuistiyhdistys.fi\/korttipakka\/#website","url":"https:\/\/ksmuistiyhdistys.fi\/korttipakka\/","name":"Kognitiivisen ergonomian korttipakka","description":"Muisti ty\u00f6ss\u00e4 Ty\u00f6 muistissa","publisher":{"@id":"https:\/\/ksmuistiyhdistys.fi\/korttipakka\/#organization"},"alternateName":"Ty\u00f6st\u00e4 aivovoimaa","potentialAction":[{"@type":"SearchAction","target":{"@type":"EntryPoint","urlTemplate":"https:\/\/ksmuistiyhdistys.fi\/korttipakka\/?s={search_term_string}"},"query-input":"required name=search_term_string"}],"inLanguage":"fi"},{"@type":"Organization","@id":"https:\/\/ksmuistiyhdistys.fi\/korttipakka\/#organization","name":"Keski-Suomen Muistiyhdistys","alternateName":"Ty\u00f6st\u00e4 aivovoimaa","url":"https:\/\/ksmuistiyhdistys.fi\/korttipakka\/","logo":{"@type":"ImageObject","inLanguage":"fi","@id":"https:\/\/ksmuistiyhdistys.fi\/korttipakka\/#\/schema\/logo\/image\/","url":"https:\/\/ksmuistiyhdistys.fi\/korttipakka\/wp-content\/uploads\/2022\/10\/tyosta_aivovoimaa_logo.png","contentUrl":"https:\/\/ksmuistiyhdistys.fi\/korttipakka\/wp-content\/uploads\/2022\/10\/tyosta_aivovoimaa_logo.png","width":512,"height":196,"caption":"Keski-Suomen Muistiyhdistys"},"image":{"@id":"https:\/\/ksmuistiyhdistys.fi\/korttipakka\/#\/schema\/logo\/image\/"}}]}},"_links":{"self":[{"href":"https:\/\/ksmuistiyhdistys.fi\/korttipakka\/wp-json\/wp\/v2\/pages\/2"}],"collection":[{"href":"https:\/\/ksmuistiyhdistys.fi\/korttipakka\/wp-json\/wp\/v2\/pages"}],"about":[{"href":"https:\/\/ksmuistiyhdistys.fi\/korttipakka\/wp-json\/wp\/v2\/types\/page"}],"author":[{"embeddable":true,"href":"https:\/\/ksmuistiyhdistys.fi\/korttipakka\/wp-json\/wp\/v2\/users\/1"}],"replies":[{"embeddable":true,"href":"https:\/\/ksmuistiyhdistys.fi\/korttipakka\/wp-json\/wp\/v2\/comments?post=2"}],"version-history":[{"count":57,"href":"https:\/\/ksmuistiyhdistys.fi\/korttipakka\/wp-json\/wp\/v2\/pages\/2\/revisions"}],"predecessor-version":[{"id":694,"href":"https:\/\/ksmuistiyhdistys.fi\/korttipakka\/wp-json\/wp\/v2\/pages\/2\/revisions\/694"}],"wp:featuredmedia":[{"embeddable":true,"href":"https:\/\/ksmuistiyhdistys.fi\/korttipakka\/wp-json\/wp\/v2\/media\/310"}],"wp:attachment":[{"href":"https:\/\/ksmuistiyhdistys.fi\/korttipakka\/wp-json\/wp\/v2\/media?parent=2"}],"curies":[{"name":"wp","href":"https:\/\/api.w.org\/{rel}","templated":true}]}}